{"id":27,"date":"2025-02-18T10:38:40","date_gmt":"2025-02-18T09:38:40","guid":{"rendered":"https:\/\/ubuntu-house.com\/?page_id=27"},"modified":"2025-02-24T16:10:35","modified_gmt":"2025-02-24T15:10:35","slug":"legal-information","status":"publish","type":"page","link":"https:\/\/ubuntu-house.com\/en\/legal-information\/","title":{"rendered":"Legal information"},"content":{"rendered":"\t\t<div data-elementor-type=\"wp-page\" data-elementor-id=\"27\" class=\"elementor elementor-27\" data-elementor-post-type=\"page\">\n\t\t\t\t<div class=\"elementor-element elementor-element-34279e9 e-flex e-con-boxed e-con e-parent\" data-id=\"34279e9\" data-element_type=\"container\" data-e-type=\"container\" data-settings=\"{&quot;background_background&quot;:&quot;slideshow&quot;,&quot;background_slideshow_gallery&quot;:[{&quot;id&quot;:80,&quot;url&quot;:&quot;https:\\\/\\\/ubuntu-house.com\\\/wp-content\\\/uploads\\\/2025\\\/02\\\/44f44435-28ae-435f-a7d6-b00a7c9e24a7.jpg&quot;},{&quot;id&quot;:79,&quot;url&quot;:&quot;https:\\\/\\\/ubuntu-house.com\\\/wp-content\\\/uploads\\\/2025\\\/02\\\/39ad3e64-6e8e-4fd9-bf0d-34be03af348c.jpg&quot;},{&quot;id&quot;:76,&quot;url&quot;:&quot;https:\\\/\\\/ubuntu-house.com\\\/wp-content\\\/uploads\\\/2025\\\/02\\\/15ed0ed4-ede6-448e-9752-fbc6046511fd.jpg&quot;},{&quot;id&quot;:97,&quot;url&quot;:&quot;https:\\\/\\\/ubuntu-house.com\\\/wp-content\\\/uploads\\\/2025\\\/02\\\/65179f00-56ec-40da-83cd-7e5aa754651b.jpg&quot;},{&quot;id&quot;:83,&quot;url&quot;:&quot;https:\\\/\\\/ubuntu-house.com\\\/wp-content\\\/uploads\\\/2025\\\/02\\\/69fffdbf-4b24-4ed7-a26c-38a89a49ce9c.jpg&quot;},{&quot;id&quot;:102,&quot;url&quot;:&quot;https:\\\/\\\/ubuntu-house.com\\\/wp-content\\\/uploads\\\/2025\\\/02\\\/27209592-fd06-44f9-92a1-cc8c6dcf7a4f.jpg&quot;},{&quot;id&quot;:106,&quot;url&quot;:&quot;https:\\\/\\\/ubuntu-house.com\\\/wp-content\\\/uploads\\\/2025\\\/02\\\/a684f4bd-b0df-490d-b543-bf7d71b7accf.jpg&quot;}],&quot;background_slideshow_ken_burns&quot;:&quot;yes&quot;,&quot;jet_parallax_layout_list&quot;:[],&quot;background_slideshow_loop&quot;:&quot;yes&quot;,&quot;background_slideshow_slide_duration&quot;:5000,&quot;background_slideshow_slide_transition&quot;:&quot;fade&quot;,&quot;background_slideshow_transition_duration&quot;:500,&quot;background_slideshow_ken_burns_zoom_direction&quot;:&quot;in&quot;}\">\n\t\t\t\t\t<div class=\"e-con-inner\">\n\t\t\t\t<div class=\"elementor-element elementor-element-c982892 elementor-widget elementor-widget-heading\" data-id=\"c982892\" data-element_type=\"widget\" data-e-type=\"widget\" data-widget_type=\"heading.default\">\n\t\t\t\t<div class=\"elementor-widget-container\">\n\t\t\t\t\t<h1 class=\"elementor-heading-title elementor-size-default\">Mentions l\u00e9gales<\/h1>\t\t\t\t<\/div>\n\t\t\t\t<\/div>\n\t\t\t\t\t<\/div>\n\t\t\t\t<\/div>\n\t\t<div class=\"elementor-element elementor-element-c9e3229 e-flex e-con-boxed e-con e-parent\" data-id=\"c9e3229\" data-element_type=\"container\" data-e-type=\"container\" data-settings=\"{&quot;jet_parallax_layout_list&quot;:[]}\">\n\t\t\t\t\t<div class=\"e-con-inner\">\n\t\t\t\t<div class=\"elementor-element elementor-element-01fac35 elementor-widget elementor-widget-text-editor\" data-id=\"01fac35\" data-element_type=\"widget\" data-e-type=\"widget\" data-widget_type=\"text-editor.default\">\n\t\t\t\t<div class=\"elementor-widget-container\">\n\t\t\t\t\t\t\t\t\t<h2 data-start=\"131\" data-end=\"156\">\u00c9diteur du site<\/h2><p data-start=\"158\" data-end=\"200\">Le site <strong data-start=\"166\" data-end=\"182\">Ubuntu House<\/strong> est \u00e9dit\u00e9 par :<\/p><p data-start=\"202\" data-end=\"416\"><strong data-start=\"202\" data-end=\"218\">Ubuntu House<\/strong><br data-start=\"218\" data-end=\"221\" \/>Adresse : Route de Ngaparou \u2013 Somone, S\u00e9n\u00e9gal<br data-start=\"266\" data-end=\"269\" \/>T\u00e9l\u00e9phone : +221 77 643 70 23<br data-start=\"298\" data-end=\"301\" \/>Email : <a rel=\"noopener\" data-start=\"309\" data-end=\"364\">admin@ubuntu-house.com<\/a><br data-start=\"364\" data-end=\"367\" \/>H\u00e9bergement<\/p><p data-start=\"441\" data-end=\"468\">Le site est h\u00e9berg\u00e9 par :<\/p><p data-start=\"470\" data-end=\"583\"><strong data-start=\"470\" data-end=\"486\">PlanetHoster<\/strong><br data-start=\"486\" data-end=\"489\" \/>Adresse : 4416 Louis-B.-Mayer, Laval, Qu\u00e9bec, Canada H7P 0G1<br data-start=\"549\" data-end=\"552\" \/>T\u00e9l\u00e9phone : +33 1 76 60 41 43<\/p><h2 data-start=\"585\" data-end=\"619\">Propri\u00e9t\u00e9 intellectuelle<\/h2><p data-start=\"621\" data-end=\"908\">L\u2019ensemble des contenus pr\u00e9sents sur le site <strong data-start=\"666\" data-end=\"682\">Ubuntu House<\/strong> (textes, images, vid\u00e9os, logos, design, etc.) est prot\u00e9g\u00e9 par le droit d\u2019auteur et les lois relatives \u00e0 la propri\u00e9t\u00e9 intellectuelle. Toute reproduction, modification ou diffusion sans autorisation est strictement interdite.<\/p><h2 data-start=\"910\" data-end=\"955\">Protection des donn\u00e9es personnelles<\/h2><p data-start=\"957\" data-end=\"1111\">Les informations collect\u00e9es via le site <strong data-start=\"997\" data-end=\"1013\">Ubuntu House<\/strong> (formulaires de contact, r\u00e9servations, etc.) sont trait\u00e9es avec la plus grande confidentialit\u00e9.<\/p><ul data-start=\"1113\" data-end=\"1507\"><li data-start=\"1113\" data-end=\"1199\"><strong data-start=\"1115\" data-end=\"1139\">Finalit\u00e9 des donn\u00e9es<\/strong> : gestion des r\u00e9servations et des demandes d\u2019information.<\/li><li data-start=\"1200\" data-end=\"1263\"><strong data-start=\"1202\" data-end=\"1227\">Dur\u00e9e de conservation<\/strong> : 3 ans.<\/li><li data-start=\"1264\" data-end=\"1507\"><strong data-start=\"1266\" data-end=\"1293\">Droits des utilisateurs<\/strong> : Conform\u00e9ment au RGPD et aux lois locales, vous pouvez exercer vos droits d\u2019acc\u00e8s, de rectification et de suppression de vos donn\u00e9es en nous contactant \u00e0 <a rel=\"noopener\" data-start=\"1449\" data-end=\"1504\">admin@ubuntu-house.com<\/a>.<\/li><\/ul><h2 data-start=\"1509\" data-end=\"1526\">Cookies<\/h2><p data-start=\"1528\" data-end=\"1723\">Le site <strong data-start=\"1536\" data-end=\"1552\">Ubuntu House<\/strong> utilise des cookies afin d\u2019am\u00e9liorer l\u2019exp\u00e9rience utilisateur. Vous avez la possibilit\u00e9 de g\u00e9rer et de param\u00e9trer leur utilisation via les r\u00e9glages de votre navigateur.<\/p><h2 data-start=\"1725\" data-end=\"1749\">Responsabilit\u00e9<\/h2><p data-start=\"1751\" data-end=\"2010\">L\u2019\u00e9diteur du site s\u2019efforce de fournir des informations exactes et mises \u00e0 jour. Toutefois, il ne peut garantir l\u2019exactitude, l\u2019exhaustivit\u00e9 ou l\u2019actualit\u00e9 des informations diffus\u00e9es sur le site et d\u00e9cline toute responsabilit\u00e9 en cas d\u2019erreur ou d\u2019omission.<\/p><h2 data-start=\"2012\" data-end=\"2029\">Contact<\/h2><p data-start=\"2031\" data-end=\"2174\">Pour toute question ou demande d\u2019information, vous pouvez nous contacter par email \u00e0 <a rel=\"noopener\" data-start=\"2116\" data-end=\"2171\">admin@ubuntu-house.com<\/a>.<\/p>\t\t\t\t\t\t\t\t<\/div>\n\t\t\t\t<\/div>\n\t\t\t\t\t<\/div>\n\t\t\t\t<\/div>\n\t\t\t\t<\/div>\n\t\t","protected":false},"excerpt":{"rendered":"<p>\u00c9diteur du site Le site Ubuntu House est \u00e9dit\u00e9 par : Ubuntu HouseAdresse : Route de Ngaparou \u2013 Somone, S\u00e9n\u00e9galT\u00e9l\u00e9phone : +221 77 643 70 23Email : admin@ubuntu-house.comH\u00e9bergement Le site est h\u00e9berg\u00e9 par : PlanetHosterAdresse : 4416 Louis-B.-Mayer, Laval, Qu\u00e9bec, Canada H7P 0G1T\u00e9l\u00e9phone : +33 1 76 60 41 43 Propri\u00e9t\u00e9 intellectuelle L\u2019ensemble des contenus [&hellip;]<\/p>\n","protected":false},"author":2,"featured_media":0,"parent":0,"menu_order":0,"comment_status":"closed","ping_status":"closed","template":"elementor_header_footer","meta":{"footnotes":""},"class_list":["post-27","page","type-page","status-publish","hentry"],"yoast_head":"<!-- This site is optimized with the Yoast SEO plugin v27.5 - https:\/\/yoast.com\/product\/yoast-seo-wordpress\/ -->\n<title>Mentions l\u00e9gales - Ubuntu House<\/title>\n<meta name=\"robots\" content=\"index, follow, max-snippet:-1, max-image-preview:large, max-video-preview:-1\" \/>\n<link rel=\"canonical\" href=\"https:\/\/ubuntu-house.com\/en\/legal-information\/\" \/>\n<meta property=\"og:locale\" content=\"en_GB\" \/>\n<meta property=\"og:type\" content=\"article\" \/>\n<meta property=\"og:title\" content=\"Mentions l\u00e9gales - Ubuntu House\" \/>\n<meta property=\"og:description\" content=\"\u00c9diteur du site Le site Ubuntu House est \u00e9dit\u00e9 par : Ubuntu HouseAdresse : Route de Ngaparou \u2013 Somone, S\u00e9n\u00e9galT\u00e9l\u00e9phone : +221 77 643 70 23Email : admin@ubuntu-house.comH\u00e9bergement Le site est h\u00e9berg\u00e9 par : PlanetHosterAdresse : 4416 Louis-B.-Mayer, Laval, Qu\u00e9bec, Canada H7P 0G1T\u00e9l\u00e9phone : +33 1 76 60 41 43 Propri\u00e9t\u00e9 intellectuelle L\u2019ensemble des contenus [&hellip;]\" \/>\n<meta property=\"og:url\" content=\"https:\/\/ubuntu-house.com\/en\/legal-information\/\" \/>\n<meta property=\"og:site_name\" content=\"Ubuntu House\" \/>\n<meta property=\"article:modified_time\" content=\"2025-02-24T15:10:35+00:00\" \/>\n<meta name=\"twitter:card\" content=\"summary_large_image\" \/>\n<meta name=\"twitter:label1\" content=\"Estimated reading time\" \/>\n\t<meta name=\"twitter:data1\" content=\"2 minutes\" \/>\n<script type=\"application\/ld+json\" class=\"yoast-schema-graph\">{\"@context\":\"https:\\\/\\\/schema.org\",\"@graph\":[{\"@type\":\"WebPage\",\"@id\":\"https:\\\/\\\/ubuntu-house.com\\\/mentions-legales\\\/\",\"url\":\"https:\\\/\\\/ubuntu-house.com\\\/mentions-legales\\\/\",\"name\":\"Mentions l\u00e9gales - Ubuntu House\",\"isPartOf\":{\"@id\":\"https:\\\/\\\/ubuntu-house.com\\\/#website\"},\"datePublished\":\"2025-02-18T09:38:40+00:00\",\"dateModified\":\"2025-02-24T15:10:35+00:00\",\"breadcrumb\":{\"@id\":\"https:\\\/\\\/ubuntu-house.com\\\/mentions-legales\\\/#breadcrumb\"},\"inLanguage\":\"en-GB\",\"potentialAction\":[{\"@type\":\"ReadAction\",\"target\":[\"https:\\\/\\\/ubuntu-house.com\\\/mentions-legales\\\/\"]}]},{\"@type\":\"BreadcrumbList\",\"@id\":\"https:\\\/\\\/ubuntu-house.com\\\/mentions-legales\\\/#breadcrumb\",\"itemListElement\":[{\"@type\":\"ListItem\",\"position\":1,\"name\":\"Accueil\",\"item\":\"https:\\\/\\\/ubuntu-house.com\\\/\"},{\"@type\":\"ListItem\",\"position\":2,\"name\":\"Mentions l\u00e9gales\"}]},{\"@type\":\"WebSite\",\"@id\":\"https:\\\/\\\/ubuntu-house.com\\\/#website\",\"url\":\"https:\\\/\\\/ubuntu-house.com\\\/\",\"name\":\"Ubuntu House\",\"description\":\"Welcome to Ubuntu House\",\"potentialAction\":[{\"@type\":\"SearchAction\",\"target\":{\"@type\":\"EntryPoint\",\"urlTemplate\":\"https:\\\/\\\/ubuntu-house.com\\\/?s={search_term_string}\"},\"query-input\":{\"@type\":\"PropertyValueSpecification\",\"valueRequired\":true,\"valueName\":\"search_term_string\"}}],\"inLanguage\":\"en-GB\"}]}<\/script>\n<!-- \/ Yoast SEO plugin. -->","yoast_head_json":{"title":"Legal information - Ubuntu House","robots":{"index":"index","follow":"follow","max-snippet":"max-snippet:-1","max-image-preview":"max-image-preview:large","max-video-preview":"max-video-preview:-1"},"canonical":"https:\/\/ubuntu-house.com\/en\/legal-information\/","og_locale":"en_GB","og_type":"article","og_title":"Mentions l\u00e9gales - Ubuntu House","og_description":"\u00c9diteur du site Le site Ubuntu House est \u00e9dit\u00e9 par : Ubuntu HouseAdresse : Route de Ngaparou \u2013 Somone, S\u00e9n\u00e9galT\u00e9l\u00e9phone : +221 77 643 70 23Email : admin@ubuntu-house.comH\u00e9bergement Le site est h\u00e9berg\u00e9 par : PlanetHosterAdresse : 4416 Louis-B.-Mayer, Laval, Qu\u00e9bec, Canada H7P 0G1T\u00e9l\u00e9phone : +33 1 76 60 41 43 Propri\u00e9t\u00e9 intellectuelle L\u2019ensemble des contenus [&hellip;]","og_url":"https:\/\/ubuntu-house.com\/en\/legal-information\/","og_site_name":"Ubuntu House","article_modified_time":"2025-02-24T15:10:35+00:00","twitter_card":"summary_large_image","twitter_misc":{"Estimated reading time":"2 minutes"},"schema":{"@context":"https:\/\/schema.org","@graph":[{"@type":"WebPage","@id":"https:\/\/ubuntu-house.com\/mentions-legales\/","url":"https:\/\/ubuntu-house.com\/mentions-legales\/","name":"Legal information - Ubuntu House","isPartOf":{"@id":"https:\/\/ubuntu-house.com\/#website"},"datePublished":"2025-02-18T09:38:40+00:00","dateModified":"2025-02-24T15:10:35+00:00","breadcrumb":{"@id":"https:\/\/ubuntu-house.com\/mentions-legales\/#breadcrumb"},"inLanguage":"en-GB","potentialAction":[{"@type":"ReadAction","target":["https:\/\/ubuntu-house.com\/mentions-legales\/"]}]},{"@type":"BreadcrumbList","@id":"https:\/\/ubuntu-house.com\/mentions-legales\/#breadcrumb","itemListElement":[{"@type":"ListItem","position":1,"name":"Accueil","item":"https:\/\/ubuntu-house.com\/"},{"@type":"ListItem","position":2,"name":"Mentions l\u00e9gales"}]},{"@type":"WebSite","@id":"https:\/\/ubuntu-house.com\/#website","url":"https:\/\/ubuntu-house.com\/","name":"Ubuntu House","description":"Welcome to Ubuntu House","potentialAction":[{"@type":"SearchAction","target":{"@type":"EntryPoint","urlTemplate":"https:\/\/ubuntu-house.com\/?s={search_term_string}"},"query-input":{"@type":"PropertyValueSpecification","valueRequired":true,"valueName":"search_term_string"}}],"inLanguage":"en-GB"}]}},"_links":{"self":[{"href":"https:\/\/ubuntu-house.com\/en\/wp-json\/wp\/v2\/pages\/27","targetHints":{"allow":["GET"]}}],"collection":[{"href":"https:\/\/ubuntu-house.com\/en\/wp-json\/wp\/v2\/pages"}],"about":[{"href":"https:\/\/ubuntu-house.com\/en\/wp-json\/wp\/v2\/types\/page"}],"author":[{"embeddable":true,"href":"https:\/\/ubuntu-house.com\/en\/wp-json\/wp\/v2\/users\/2"}],"replies":[{"embeddable":true,"href":"https:\/\/ubuntu-house.com\/en\/wp-json\/wp\/v2\/comments?post=27"}],"version-history":[{"count":16,"href":"https:\/\/ubuntu-house.com\/en\/wp-json\/wp\/v2\/pages\/27\/revisions"}],"predecessor-version":[{"id":445,"href":"https:\/\/ubuntu-house.com\/en\/wp-json\/wp\/v2\/pages\/27\/revisions\/445"}],"wp:attachment":[{"href":"https:\/\/ubuntu-house.com\/en\/wp-json\/wp\/v2\/media?parent=27"}],"curies":[{"name":"wp","href":"https:\/\/api.w.org\/{rel}","templated":true}]}}